{"id":104,"date":"2010-01-29T15:00:28","date_gmt":"2010-01-29T13:00:28","guid":{"rendered":"http:\/\/cms.lag-ea-nrw.de\/?page_id=104"},"modified":"2024-02-05T09:25:10","modified_gmt":"2024-02-05T08:25:10","slug":"satzung","status":"publish","type":"page","link":"https:\/\/lag-ea-nrw.de\/?page_id=104","title":{"rendered":"Satzung und Beitrag"},"content":{"rendered":"<p>Die LAG Erzieherinnenausbildung NRW ist seit 2013 ein eingetragener Verein.<\/p>\n<p>Der Verein ist als gemeinn\u00fctzig anerkannt.<\/p>\n<p>Hier finden Sie die Satzung des Vereins: <a href=\"https:\/\/lag-ea-nrw.de\/media\/2019\/05\/satzung2019.pdf\">Vereinssatzung<\/a><\/p>\n<p><strong>Mitgliedsbeitrag<\/strong><\/p>\n<p>a) f\u00fcr Schulen<br \/>\nDer Jahresbeitrag betr\u00e4gt 40,- Euro.<\/p>\n<p>b) f\u00fcr Einzelmitglieder<br \/>\nF\u00fcr Einzelmitglieder von Schulen, die ordentliche Mitglieder der LAG Erzieherinnenausbildung NRW e. V. sind, werden keine Mitgliedsbeitr\u00e4ge erhoben.<\/p>\n<!-- WP Attachments -->\r\n        <div style=\"width:100%;margin:10px 0 10px 0;\">\r\n            <h3>Medien<\/h3>\r\n        <ul class=\"post-attachments\"><li class=\"post-attachment mime-application-pdf\"><a target=\"_blank\" rel=\"noopener noreferrer\" href=\"https:\/\/lag-ea-nrw.de\/media\/2019\/05\/satzung2019.pdf\">Vereinssatzung<\/a> <small>(76 kB)<\/small><\/li><\/ul><\/div>","protected":false},"excerpt":{"rendered":"<p>Die LAG Erzieherinnenausbildung NRW ist seit 2013 ein eingetragener Verein. Der Verein ist als gemeinn\u00fctzig anerkannt. Hier finden Sie die Satzung des Vereins: Vereinssatzung Mitgliedsbeitrag a) f\u00fcr Schulen Der Jahresbeitrag betr\u00e4gt 40,- Euro. b) f\u00fcr Einzelmitglieder F\u00fcr Einzelmitglieder von Schulen, <a class=\"more-link\" href=\"https:\/\/lag-ea-nrw.de\/?page_id=104\"><span class=\"screen-reader-text\">  Satzung und Beitrag<\/span> weiterlesen<span class=\"meta-nav\">&rarr;<\/span><\/a><\/p>\n","protected":false},"author":4,"featured_media":0,"parent":58,"menu_order":2,"comment_status":"closed","ping_status":"closed","template":"","meta":{"footnotes":""},"_links":{"self":[{"href":"https:\/\/lag-ea-nrw.de\/index.php?rest_route=\/wp\/v2\/pages\/104"}],"collection":[{"href":"https:\/\/lag-ea-nrw.de\/index.php?rest_route=\/wp\/v2\/pages"}],"about":[{"href":"https:\/\/lag-ea-nrw.de\/index.php?rest_route=\/wp\/v2\/types\/page"}],"author":[{"embeddable":true,"href":"https:\/\/lag-ea-nrw.de\/index.php?rest_route=\/wp\/v2\/users\/4"}],"replies":[{"embeddable":true,"href":"https:\/\/lag-ea-nrw.de\/index.php?rest_route=%2Fwp%2Fv2%2Fcomments&post=104"}],"version-history":[{"count":16,"href":"https:\/\/lag-ea-nrw.de\/index.php?rest_route=\/wp\/v2\/pages\/104\/revisions"}],"predecessor-version":[{"id":1772,"href":"https:\/\/lag-ea-nrw.de\/index.php?rest_route=\/wp\/v2\/pages\/104\/revisions\/1772"}],"up":[{"embeddable":true,"href":"https:\/\/lag-ea-nrw.de\/index.php?rest_route=\/wp\/v2\/pages\/58"}],"wp:attachment":[{"href":"https:\/\/lag-ea-nrw.de\/index.php?rest_route=%2Fwp%2Fv2%2Fmedia&parent=104"}],"curies":[{"name":"wp","href":"https:\/\/api.w.org\/{rel}","templated":true}]}}