{"id":369,"date":"2011-10-20T10:51:28","date_gmt":"2011-10-20T08:51:28","guid":{"rendered":"http:\/\/cms.lag-ea-nrw.de\/?page_id=369"},"modified":"2017-02-07T18:25:38","modified_gmt":"2017-02-07T17:25:38","slug":"konfessionelle-landesarbeitsgemeinschaften","status":"publish","type":"page","link":"https:\/\/lag-ea-nrw.de\/?page_id=369","title":{"rendered":"Fachschulen in konfessioneller Tr\u00e4gerschaft"},"content":{"rendered":"<h2>Fachschulen in katholischer Tr\u00e4gerschaft<\/h2>\n<p><span style=\"text-decoration: underline;\">Kontakt<\/span>:<\/p>\n<p>LAG katholische Fachschulen<br \/>\nMartin Heiming (Vorsitzender)<br \/>\nAnna-Zillken-Berufskolleg<br \/>\nArndtstra\u00dfe 5<br \/>\n44135 Dortmund<br \/>\nFon: 0231.528324<br \/>\nFax: 0231.528325<br \/>\nMail: sekretariat@anna-zillken-berufskolleg.de<\/p>\n<h2>Fachschulen in evangelischerTr\u00e4gerschaft<\/h2>\n<p><span style=\"text-decoration: underline;\">Kontakt:<\/span><\/p>\n<p>Evangelischer Fachverband f\u00fcr Berufskollegs Rheinland-Westfalen-Lippe (EFBK)<br \/>\nAstrid Hofmeister (Vorsitzende)<br \/>\nAlte Landstra\u00dfe 179e<br \/>\n40489 D\u00fcsseldorf<br \/>\nFon: 0211.409 3453<br \/>\nFax: 0211.409 3454<br \/>\nMail: beurfskolleg@kaiserswerther-diakonie.de<\/p>\n<p>&nbsp;<\/p>\n","protected":false},"excerpt":{"rendered":"<p>Fachschulen in katholischer Tr\u00e4gerschaft Kontakt: LAG katholische Fachschulen Martin Heiming (Vorsitzender) Anna-Zillken-Berufskolleg Arndtstra\u00dfe 5 44135 Dortmund Fon: 0231.528324 Fax: 0231.528325 Mail: sekretariat@anna-zillken-berufskolleg.de Fachschulen in evangelischerTr\u00e4gerschaft Kontakt: Evangelischer Fachverband f\u00fcr Berufskollegs Rheinland-Westfalen-Lippe (EFBK) Astrid Hofmeister (Vorsitzende) Alte Landstra\u00dfe 179e 40489 D\u00fcsseldorf <a class=\"more-link\" href=\"https:\/\/lag-ea-nrw.de\/?page_id=369\"><span class=\"screen-reader-text\">  Fachschulen in konfessioneller Tr\u00e4gerschaft<\/span> weiterlesen<span class=\"meta-nav\">&rarr;<\/span><\/a><\/p>\n","protected":false},"author":4,"featured_media":0,"parent":58,"menu_order":10,"comment_status":"closed","ping_status":"closed","template":"","meta":{"footnotes":""},"_links":{"self":[{"href":"https:\/\/lag-ea-nrw.de\/index.php?rest_route=\/wp\/v2\/pages\/369"}],"collection":[{"href":"https:\/\/lag-ea-nrw.de\/index.php?rest_route=\/wp\/v2\/pages"}],"about":[{"href":"https:\/\/lag-ea-nrw.de\/index.php?rest_route=\/wp\/v2\/types\/page"}],"author":[{"embeddable":true,"href":"https:\/\/lag-ea-nrw.de\/index.php?rest_route=\/wp\/v2\/users\/4"}],"replies":[{"embeddable":true,"href":"https:\/\/lag-ea-nrw.de\/index.php?rest_route=%2Fwp%2Fv2%2Fcomments&post=369"}],"version-history":[{"count":14,"href":"https:\/\/lag-ea-nrw.de\/index.php?rest_route=\/wp\/v2\/pages\/369\/revisions"}],"predecessor-version":[{"id":1444,"href":"https:\/\/lag-ea-nrw.de\/index.php?rest_route=\/wp\/v2\/pages\/369\/revisions\/1444"}],"up":[{"embeddable":true,"href":"https:\/\/lag-ea-nrw.de\/index.php?rest_route=\/wp\/v2\/pages\/58"}],"wp:attachment":[{"href":"https:\/\/lag-ea-nrw.de\/index.php?rest_route=%2Fwp%2Fv2%2Fmedia&parent=369"}],"curies":[{"name":"wp","href":"https:\/\/api.w.org\/{rel}","templated":true}]}}