{"id":435,"date":"2012-10-22T10:33:11","date_gmt":"2012-10-22T08:33:11","guid":{"rendered":"http:\/\/cms.lag-ea-nrw.de\/?page_id=435"},"modified":"2017-09-09T12:49:09","modified_gmt":"2017-09-09T11:49:09","slug":"pressemappe","status":"publish","type":"page","link":"https:\/\/lag-ea-nrw.de\/?page_id=435","title":{"rendered":"Aufgabe und Ziel"},"content":{"rendered":"<p>Die Landesarbeitsgemeinschaft (LAG) Erzieherinnenausbildung NRW vertritt die \u00f6ffentlichen und nichtkonfessionell gebundenen Schulen an denen Erzieherinnen und Erzieher ausbildet werden. Derzeit geh\u00f6ren der LAG 56 Mitgliedsschulen an. Damit ist die LAG eine starke Interessenvertretung der \u00f6ffentlichen und freien Ausbildungsst\u00e4tten f\u00fcr Erzieherinnen und Erzieher in Nordrhein-Westfalen.<\/p>\n<p>Der Zweck der LAG Erzieherinnenausbildung NRW ist die F\u00f6rderung der Bildung und Erziehung, sowie die F\u00f6rderung der Jugendhilfe. Dieser wird verwirklicht durch die F\u00f6rderung und Entwicklung der Ausbildung von Erzieherinnen und Erziehern.<br \/>\nAngestrebt wird eine landesweite Koordination der \u00f6ffentlichen und nicht konfessionell gebundenen Ausbildungsbildungsst\u00e4tten.<\/p>\n<p>Die LAG arbeitet eng zusammen mit<\/p>\n<ul>\n<li>den beiden konfessionell gebundenen Landesarbeitgemeinschaften f\u00fcr die Erzieher\/innenausbildung auf Landesebene<\/li>\n<\/ul>\n<ul>\n<li>der Bundesarbeitsgemeinschaft der \u00f6ffentlichen und freien, nicht konfessionell gebundenen Ausbildungsst\u00e4tten f\u00fcr Erzieherinnen und Erzieher in der Bundesrepublik Deutschland (B\u00f6fAE)<\/li>\n<\/ul>\n<ul>\n<li>den Berufsverb\u00e4nden f\u00fcr Erzieherinnen und Erzieher sowie der entsprechenden Lehrerverb\u00e4nden<\/li>\n<\/ul>\n<ul>\n<li>den Tr\u00e4gern sozialp\u00e4dagogischer Einrichtungen<\/li>\n<\/ul>\n<ul>\n<li>den Gewerkschaften<\/li>\n<\/ul>\n<ul>\n<li>und allen sonstigen Institutionen, die sich mit bildungspolitischen Fragen in der Sozialp\u00e4dagogik befassen oder Erzieherinnen und Erzieher fort- und weiterbilden.<\/li>\n<\/ul>\n<p>Dar\u00fcberhinaus h\u00e4lt die LAG Erzieherinnenausbildung NRW den Kontakt und vertritt die Mitglieder bei den zust\u00e4ndigen Ministerien f\u00fcr die Bereiche Schule und Kinder- und Jugendhilfe sowie der Schulaufsichtsbeh\u00f6rde in den Regierungsbezirken.<\/p>\n<p><em>Wo werden Erzieherinnen und Erzieher ausgebildet?<\/em><\/p>\n<p>Die Ausbildung von Erzieherinnen und Erziehern erfolgt in Nordrhein-Westfalen an Berufskollegs in zwei unterschiedlichen Bildungsg\u00e4ngen:<br \/>\n1. Fachschule f\u00fcr Sozialwesen (Fachrichtung Sozialp\u00e4dagogik), m\u00f6glich ist eine Ausbildung in Vollzeit- bzw. Teilzeitform<br \/>\n2. Berufliches Gymnasium (doppeltqualifizierend: Berufsabschluss Erzieher\/in &amp; Allgemeine Hochschulreife)<br \/>\nAn den schulischen Teil der Ausbildung schlie\u00dft sich ein einj\u00e4hriges Anerkennungsjahr (Berufspraktikum) an.<\/p>\n<p>Das Berufskolleg ist eine eigenst\u00e4ndige Bildungsgangeinrichtung der Sekundarstufe II und der postsekundaren Ausbildung. Es fasst das berufliche Schulwesen zu einer Schule mit einheitlichem Bildungsauftrag und mit gemeinsamen didaktischen Prinzipien zusammen. Ein ausdifferenziertes System ordnet das breite Angebot des Berufskollegs in Bildungsg\u00e4nge. Sie sind ihrerseits nach Berufsfeldern, Fachrichtungen und fachlichen Schwerpunkten gegliedert.<br \/>\n(vgl. www.bezreg-muenster.nrw.de\/startseite\/abteilungen\/abteilung4\/Dezernat_45_Berufskolleg\/ Was_ist_ein_Berufskolleg_1\/index.html)<\/p>\n","protected":false},"excerpt":{"rendered":"<p>Die Landesarbeitsgemeinschaft (LAG) Erzieherinnenausbildung NRW vertritt die \u00f6ffentlichen und nichtkonfessionell gebundenen Schulen an denen Erzieherinnen und Erzieher ausbildet werden. Derzeit geh\u00f6ren der LAG 56 Mitgliedsschulen an. Damit ist die LAG eine starke Interessenvertretung der \u00f6ffentlichen und freien Ausbildungsst\u00e4tten f\u00fcr Erzieherinnen <a class=\"more-link\" href=\"https:\/\/lag-ea-nrw.de\/?page_id=435\"><span class=\"screen-reader-text\">  Aufgabe und Ziel<\/span> weiterlesen<span class=\"meta-nav\">&rarr;<\/span><\/a><\/p>\n","protected":false},"author":4,"featured_media":0,"parent":58,"menu_order":0,"comment_status":"closed","ping_status":"closed","template":"","meta":{"footnotes":""},"_links":{"self":[{"href":"https:\/\/lag-ea-nrw.de\/index.php?rest_route=\/wp\/v2\/pages\/435"}],"collection":[{"href":"https:\/\/lag-ea-nrw.de\/index.php?rest_route=\/wp\/v2\/pages"}],"about":[{"href":"https:\/\/lag-ea-nrw.de\/index.php?rest_route=\/wp\/v2\/types\/page"}],"author":[{"embeddable":true,"href":"https:\/\/lag-ea-nrw.de\/index.php?rest_route=\/wp\/v2\/users\/4"}],"replies":[{"embeddable":true,"href":"https:\/\/lag-ea-nrw.de\/index.php?rest_route=%2Fwp%2Fv2%2Fcomments&post=435"}],"version-history":[{"count":18,"href":"https:\/\/lag-ea-nrw.de\/index.php?rest_route=\/wp\/v2\/pages\/435\/revisions"}],"predecessor-version":[{"id":1468,"href":"https:\/\/lag-ea-nrw.de\/index.php?rest_route=\/wp\/v2\/pages\/435\/revisions\/1468"}],"up":[{"embeddable":true,"href":"https:\/\/lag-ea-nrw.de\/index.php?rest_route=\/wp\/v2\/pages\/58"}],"wp:attachment":[{"href":"https:\/\/lag-ea-nrw.de\/index.php?rest_route=%2Fwp%2Fv2%2Fmedia&parent=435"}],"curies":[{"name":"wp","href":"https:\/\/api.w.org\/{rel}","templated":true}]}}