{"id":58,"date":"2009-09-25T17:33:07","date_gmt":"2009-09-25T15:33:07","guid":{"rendered":"http:\/\/cms.lag-ea-nrw.de\/?page_id=58"},"modified":"2009-09-25T17:39:35","modified_gmt":"2009-09-25T15:39:35","slug":"lag","status":"publish","type":"page","link":"https:\/\/lag-ea-nrw.de\/?page_id=58","title":{"rendered":"LAG"},"content":{"rendered":"<p>Die LAG NRW ist die Landesarbeitsgemeinschaft der \u00f6ffentlichen Ausbildungsst\u00e4tten f\u00fcr Erzieherinnen und Erzieher in Nordrhein-Westfalen.<\/p>\n<ul>\n<li>Zweck der LAG Erzieherinnenausbildung NRW ist die F\u00f6rderung der Bildung und Erziehung, sowie die F\u00f6rderung der Jugendhilfe.<\/li>\n<li>Der Satzungszweck wird verwirklicht durch die F\u00f6rderung und Entwicklung der Ausbildung von Erzieherinnen und Erziehern.<\/li>\n<\/ul>\n<ul>\n<li>Angestrebt wird eine landesweite Koordination der \u00f6ffentlichen und nicht konfessionell gebundenen Ausbildungsbildungsst\u00e4tten und eine europaweite Anerkennung der Erzieherinnen und Erzieher, die zur Bildung und Erziehung von Kindern in sozialp\u00e4dagogischen Einrichtungen t\u00e4tig werden.<\/li>\n<\/ul>\n","protected":false},"excerpt":{"rendered":"<p>Die LAG NRW ist die Landesarbeitsgemeinschaft der \u00f6ffentlichen Ausbildungsst\u00e4tten f\u00fcr Erzieherinnen und Erzieher in Nordrhein-Westfalen. Zweck der LAG Erzieherinnenausbildung NRW ist die F\u00f6rderung der Bildung und Erziehung, sowie die F\u00f6rderung der Jugendhilfe. Der Satzungszweck wird verwirklicht durch die F\u00f6rderung und <a class=\"more-link\" href=\"https:\/\/lag-ea-nrw.de\/?page_id=58\"><span class=\"screen-reader-text\">  LAG<\/span> weiterlesen<span class=\"meta-nav\">&rarr;<\/span><\/a><\/p>\n","protected":false},"author":4,"featured_media":0,"parent":0,"menu_order":3,"comment_status":"closed","ping_status":"closed","template":"","meta":{"footnotes":""},"_links":{"self":[{"href":"https:\/\/lag-ea-nrw.de\/index.php?rest_route=\/wp\/v2\/pages\/58"}],"collection":[{"href":"https:\/\/lag-ea-nrw.de\/index.php?rest_route=\/wp\/v2\/pages"}],"about":[{"href":"https:\/\/lag-ea-nrw.de\/index.php?rest_route=\/wp\/v2\/types\/page"}],"author":[{"embeddable":true,"href":"https:\/\/lag-ea-nrw.de\/index.php?rest_route=\/wp\/v2\/users\/4"}],"replies":[{"embeddable":true,"href":"https:\/\/lag-ea-nrw.de\/index.php?rest_route=%2Fwp%2Fv2%2Fcomments&post=58"}],"version-history":[{"count":2,"href":"https:\/\/lag-ea-nrw.de\/index.php?rest_route=\/wp\/v2\/pages\/58\/revisions"}],"predecessor-version":[{"id":67,"href":"https:\/\/lag-ea-nrw.de\/index.php?rest_route=\/wp\/v2\/pages\/58\/revisions\/67"}],"wp:attachment":[{"href":"https:\/\/lag-ea-nrw.de\/index.php?rest_route=%2Fwp%2Fv2%2Fmedia&parent=58"}],"curies":[{"name":"wp","href":"https:\/\/api.w.org\/{rel}","templated":true}]}}